{"id":2882,"date":"2022-09-06T17:05:54","date_gmt":"2022-09-06T21:05:54","guid":{"rendered":"https:\/\/www.dutchessschoolofdriving.com\/site\/?page_id=2882"},"modified":"2025-12-18T17:20:22","modified_gmt":"2025-12-18T22:20:22","slug":"eldt","status":"publish","type":"page","link":"https:\/\/www.dutchessschoolofdriving.com\/site\/eldt\/","title":{"rendered":"ELDT Theory Course"},"content":{"rendered":"<p><span style=\"font-family: 'trebuchet ms', geneva, sans-serif; font-size: 20px;\"><strong><span style=\"color: #000000;\"><u>FMCSA-APPROVED CDL ENTRY LEVEL DRIVER TRAINING (ELDT) FOR CDL A OR CDL B<\/u>&nbsp;<\/span><\/strong><\/span><\/p>\n<p><span style=\"font-family: 'trebuchet ms', geneva, sans-serif; font-size: 12pt;\"><strong><span style=\"color: #000000;\">Individuals who obtain a commercial learner\u2019s permit (CLP) on or after February 7, 2022 will need to complete this (Theory) course, <a style=\"color: #000000;\" href=\"https:\/\/www.dutchessschoolofdriving.com\/site\/cdl-training\/\"><u>IN ADDITION TO MANDATORY ROAD &amp; RANGE TRAINING<\/u><\/a> before they will be permitted to take their CDL skills or knowledge test.<\/span><\/strong><\/span><\/p>\n<p><span style=\"font-family: 'trebuchet ms', geneva, sans-serif; font-size: 12pt;\"><strong><span style=\"color: #000000;\">Upon completion of this course, we will submit your Theory Training Portion results to the <span style=\"color: #3366ff;\"><a style=\"color: #3366ff;\" href=\"https:\/\/tpr.fmcsa.dot.gov\/\"><u>FMCSA Training Provider Registry.<\/u><\/a><\/span><\/span><\/strong><\/span><\/p>\n<p><span style=\"color: #ff0000; font-family: 'trebuchet ms', geneva, sans-serif; font-size: 12pt;\"><strong><span style=\"color: #000000;\">ELDT Theory CDL A or B Fee:<\/span> $205.97 NON REFUNDABLE<\/strong><\/span><\/p>\n<p><span style=\"color: #ff0000; font-family: 'trebuchet ms', geneva, sans-serif; font-size: 12pt;\"><strong>NOTICE: This portion (ELDT THEORY TRAINING) is 1 of the 3 Required Prerequisites to be eligible to take a NYS CDL Road Test. In addition to ELDT THEORY TRAINING, one must also <span style=\"color: #ff0000;\">satisfactorily <\/span>complete On-Road &amp; Range Training through an approved training provider. Contact us for more information.&nbsp;<\/strong><\/span><\/p>\n<p><span style=\"font-family: 'trebuchet ms', geneva, sans-serif; font-size: 12pt;\"><strong><span style=\"color: #ff0000;\">Prior to providing any Road Test Services, NYS DMV will retrieve these results from the Training Provider Registry to verify that the student has completed this theory course, as well as satisfactorily completed Road &amp; Range Training. If any portion is missing or incomplete, NYS DMV will cancel your Road Test.&nbsp;<\/span><\/strong><\/span><\/p>\n<p><span style=\"font-size: 12pt; color: #000000; font-family: 'trebuchet ms', geneva, sans-serif;\"><strong>HOW TO COMPLETE THE ELDT THEORY PORTION OF YOUR TRAINING?<\/strong><\/span><\/p>\n<p><span style=\"font-size: 12pt; color: #000000; font-family: 'trebuchet ms', geneva, sans-serif;\"><strong>Follow the steps below:&nbsp;<\/strong><\/span><\/p>\n<div class=\"step-item\">\n<div class=\"step-count\"><span style=\"color: #000000; font-size: 12pt; font-family: 'trebuchet ms', geneva, sans-serif;\"><strong>1. <span style=\"letter-spacing: 0.1em; text-transform: uppercase;\">Register For Our Online Course<\/span><\/strong><\/span><\/div>\n<div class=\"step-item-info\">\n<p><span style=\"color: #000000; font-size: 12pt; font-family: 'trebuchet ms', geneva, sans-serif;\">Registration is simple and only takes a few minutes. You can begin the course immediately after registration. No classrooms, no lines!<\/span><\/p>\n<\/div>\n<\/div>\n<div class=\"step-item\">\n<div class=\"step-count\"><span style=\"color: #000000; font-size: 12pt; font-family: 'trebuchet ms', geneva, sans-serif;\"><strong>2. <span style=\"letter-spacing: 0.1em; text-transform: uppercase;\">Begin The Course<\/span><\/strong><\/span><\/div>\n<div class=\"step-item-info\">\n<p><span style=\"color: #000000; font-size: 12pt; font-family: 'trebuchet ms', geneva, sans-serif;\">The course can be taken from any device, any place, anytime. We keep track of your progress. All you have to do is login and complete each section of the course when it fits your schedule.<\/span><\/p>\n<\/div>\n<\/div>\n<div class=\"step-item\">\n<div class=\"step-count\"><span style=\"color: #000000; font-size: 12pt; font-family: 'trebuchet ms', geneva, sans-serif;\"><strong>3. <span style=\"letter-spacing: 0.1em; text-transform: uppercase;\">Complete The Course<\/span><\/strong><\/span><\/div>\n<div class=\"step-item-info\">\n<p><span style=\"color: #000000; font-size: 12pt; font-family: 'trebuchet ms', geneva, sans-serif;\">The moment you complete the course you must notify us &amp; we will report the completion to the Federal Registry. You can then begin the behind-the-wheel training.<\/span><\/p>\n<p><span style=\"font-family: 'trebuchet ms', geneva, sans-serif; font-size: 12pt;\"><span style=\"color: #000000;\">Call <\/span><a href=\"tel:8452266700\">(845)226-6700<\/a> <span style=\"color: #000000;\">to sign up OR sign up below:<\/span><\/span><\/p>\n<form action=\"https:\/\/Simplecheckout.authorize.net\/payment\/CatalogPayment.aspx\" method=\"post\" name=\"PrePage\"><span style=\"font-family: 'trebuchet ms', geneva, sans-serif;\"><input name=\"LinkId\" type=\"hidden\" value=\"202c4de6-1c7e-4948-bc4b-4003f3dcf693\"> <input src=\"\/\/content.authorize.net\/images\/buy-now-gray.gif\" type=\"image\"><\/span><\/p>\n<p><span style=\"font-size: 16px; color: #000000;\"><strong><span style=\"color: #ff0000;\">*New!*<\/span> <span style=\"color: #000000;\">For SPANISH VERSION OF ELDT A &amp; B &#8211; Click Gold &#8216;Buy Now&#8217; Button BELOW:&nbsp;<\/span><\/strong><\/span><\/p>\n<p><strong><span style=\"font-size: 16px;\"><span style=\"color: #ff0000;\">*\u00a1Nueva!*<\/span> <span style=\"color: #000000;\">Para la VERSI\u00d3N EN ESPA\u00d1OL DE ELDT A y B, haga clic en el bot\u00f3n dorado &#8216;Comprar ahora&#8217; ABAJO:<\/span><\/span><\/strong><\/p>\n<\/form>\n<form action=\"https:\/\/Simplecheckout.authorize.net\/payment\/CatalogPayment.aspx\" method=\"post\" name=\"PrePage\"><input name=\"LinkId\" type=\"hidden\" value=\"c24ef3a0-6b05-4074-9244-f40fbd006bb9\"> <input src=\"\/\/content.authorize.net\/images\/buy-now-gold.gif\" type=\"image\"><\/p>\n<p>&nbsp;<\/p>\n<\/form>\n<form action=\"https:\/\/Simplecheckout.authorize.net\/payment\/CatalogPayment.aspx\" method=\"post\" name=\"PrePage\"><span style=\"color: #ff0000; font-size: 16px;\"><strong><span style=\"font-family: 'trebuchet ms', geneva, sans-serif;\"><span style=\"color: #000000;\">For CDL-B, Passenger &amp; School Bus Endorsement- Click<\/span> <span style=\"color: #3366ff;\"><a style=\"color: #3366ff;\" href=\"https:\/\/www.dutchessschoolofdriving.com\/site\/eldt-theory-cdl-b-ps\/\">HERE<\/a><\/span><\/span><\/strong><\/span><\/p>\n<p><span style=\"font-size: 16px; color: #000000;\"><strong>For CDL HAZMAT Endorsement &#8211; Click <a href=\"https:\/\/www.dutchessschoolofdriving.com\/site\/eldt-hazmat-theory\/\"><span style=\"color: #3366ff;\">HERE<\/span><\/a><\/strong>&nbsp;<\/span><\/p>\n<p><span style=\"color: #ff0000; font-size: 16px;\"><strong><span style=\"font-family: 'trebuchet ms', geneva, sans-serif;\">Please don&#8217;t sign up if you are not sure! Call us <span style=\"color: #3366ff;\"><a style=\"color: #3366ff;\" href=\"tel:8452266700\">845-226-6700<\/a> &nbsp;<\/span><\/span><\/strong><\/span><\/p>\n<\/form>\n<\/div>\n<\/div>\n","protected":false},"excerpt":{"rendered":"<p>FMCSA-APPROVED CDL ENTRY LEVEL DRIVER TRAINING (ELDT) FOR CDL A OR CDL B&nbsp; Individuals who obtain a commercial learner\u2019s permit (CLP) on or after February 7, 2022 will need to complete this (Theory) course, IN ADDITION TO MANDATORY ROAD &amp; RANGE TRAINING before they will be permitted to take their CDL skills or knowledge test. [&hellip;]<\/p>\n","protected":false},"author":2,"featured_media":0,"parent":0,"menu_order":0,"comment_status":"closed","ping_status":"closed","template":"template-fullwidth.php","meta":{"nf_dc_page":"","_monsterinsights_skip_tracking":false,"_monsterinsights_sitenote_active":false,"_monsterinsights_sitenote_note":"","_monsterinsights_sitenote_category":0,"ngg_post_thumbnail":0,"jetpack_post_was_ever_published":false,"footnotes":""},"class_list":["post-2882","page","type-page","status-publish","hentry"],"aioseo_notices":[],"jetpack_shortlink":"https:\/\/wp.me\/PajlPg-Ku","jetpack_sharing_enabled":true,"_links":{"self":[{"href":"https:\/\/www.dutchessschoolofdriving.com\/site\/wp-json\/wp\/v2\/pages\/2882","targetHints":{"allow":["GET"]}}],"collection":[{"href":"https:\/\/www.dutchessschoolofdriving.com\/site\/wp-json\/wp\/v2\/pages"}],"about":[{"href":"https:\/\/www.dutchessschoolofdriving.com\/site\/wp-json\/wp\/v2\/types\/page"}],"author":[{"embeddable":true,"href":"https:\/\/www.dutchessschoolofdriving.com\/site\/wp-json\/wp\/v2\/users\/2"}],"replies":[{"embeddable":true,"href":"https:\/\/www.dutchessschoolofdriving.com\/site\/wp-json\/wp\/v2\/comments?post=2882"}],"version-history":[{"count":49,"href":"https:\/\/www.dutchessschoolofdriving.com\/site\/wp-json\/wp\/v2\/pages\/2882\/revisions"}],"predecessor-version":[{"id":3739,"href":"https:\/\/www.dutchessschoolofdriving.com\/site\/wp-json\/wp\/v2\/pages\/2882\/revisions\/3739"}],"wp:attachment":[{"href":"https:\/\/www.dutchessschoolofdriving.com\/site\/wp-json\/wp\/v2\/media?parent=2882"}],"curies":[{"name":"wp","href":"https:\/\/api.w.org\/{rel}","templated":true}]}}